{"id":1255,"date":"2025-04-25T12:26:22","date_gmt":"2025-04-25T10:26:22","guid":{"rendered":"https:\/\/atm.jaaqob.pl\/privacy-policy\/"},"modified":"2025-06-10T19:47:38","modified_gmt":"2025-06-10T17:47:38","slug":"privacy-policy","status":"publish","type":"page","link":"https:\/\/atmsystem.pl\/en\/privacy-policy\/","title":{"rendered":"Privacy Policy"},"content":{"rendered":"\n<p>The following Cookies Policy sets out the rules for saving and accessing data on Users\u2019 Devices using the Website for the purpose of providing services electronically by the Website Administrator.<\/p>\n\n\n\n<h3 class=\"wp-block-heading\">\u00a7 1 DEFINITIONS<\/h3>\n\n\n\n<ul class=\"wp-block-list\">\n<li><strong>Website<\/strong>\u00a0\u2013 website operating under the address atmsystem.pl<\/li>\n\n\n\n<li><strong>External service\u00a0<\/strong>\u2013 internet service of partners, service providers or service recipients of the Administrator<\/li>\n\n\n\n<li><strong>Administrator<\/strong>\u00a0\u2013 ATM System Sp. z o.o., operating at the following address: Bielany Wroc\u0142awskie, 55-040 Kobierzyce, ul. B\u0142\u0119kitna 3, with a tax identification number (NIP): PL8991083065, providing services electronically via the Website and storing and accessing information on User devices<\/li>\n\n\n\n<li><strong>User<\/strong>\u00a0\u2013 a natural person for whom the Administrator provides services electronically via the Website.<\/li>\n\n\n\n<li><strong>Device\u00a0<\/strong>\u2013 electronic device with software via which the User gains access to the Website<\/li>\n\n\n\n<li><strong>Cookies\u00a0<\/strong>\u2013 text data collected in the form of files placed on the User\u2019s Device<\/li>\n<\/ul>\n\n\n\n<h3 class=\"wp-block-heading\">\u00a7 2 CATEGORIES OF COOKIES<\/h3>\n\n\n\n<ul class=\"wp-block-list\">\n<li><strong>Internal Cookies\u00a0<\/strong>\u2013 files uploaded and read from the User\u2019s Device by the Service\u2019s computer system<\/li>\n\n\n\n<li><strong>External Cookies\u00a0<\/strong>\u2013 files placed and read from the User\u2019s Device by teleinformation systems of External Services<\/li>\n\n\n\n<li><strong>Session Cookies\u00a0<\/strong>\u2013 files uploaded and read from the User\u2019s Device by the Website or External Services during one session of a given Device. After the session ends, files are deleted from the User\u2019s Device.<\/li>\n\n\n\n<li><strong>Persistent Cookies\u00a0<\/strong>\u2013 files uploaded and read from the User\u2019s Device by the Website or External Services until they are manually removed. Files are not deleted automatically after the end of the Device session unless the User\u2019s Device configuration is set to the Cookie delete mode after ending the Device session.<\/li>\n<\/ul>\n\n\n\n<h3 class=\"wp-block-heading\">\u00a7 3 SECURITY<\/h3>\n\n\n\n<ul class=\"wp-block-list\">\n<li><strong>Storage and reading mechanisms\u00a0<\/strong>\u2013\u00a0Storage and reading mechanisms Cookies do not allow downloading any personal data or any confidential information from the User\u2019s Device. It is virtually impossible to transfer viruses, trojans and other worms to the User\u2019s Device.<\/li>\n\n\n\n<li><strong>Internal cookies\u00a0<\/strong>\u2013\u00a0internal cookies used by the Administrator are safe for Users\u2019 Devices<\/li>\n\n\n\n<li><strong>External cookies\u00a0<\/strong>\u2013 the Administrator cannot be held responsible for the security of cookie files from the partners of the Website. The list of partners is provided further in the Cookie Policy.<\/li>\n<\/ul>\n\n\n\n<h3 class=\"wp-block-heading\">\u00a7 4 REASONS WHY WE USE COOKIES<\/h3>\n\n\n\n<ul class=\"wp-block-list\">\n<li><strong>Marketing and advertising\u00a0<\/strong>\u2013 the Administrator and External Services use cookies for marketing purposes and serving Users\u2019 advertisements.<\/li>\n\n\n\n<li><strong>Statistical data\u00a0<\/strong>\u2013 the Administrator and external websites use Cookie files to collect and process statistical data, such as eg visit statistics, User Equipment statistics or user behaviour statistics. These data are collected in order to analyze and improve the Website.<\/li>\n\n\n\n<li><strong>Serving multimedia services\u00a0<\/strong>\u2013 the Administrator and External Services uses Cookie files to serve Users of multimedia services.<\/li>\n\n\n\n<li><strong>Social\u00a0<\/strong>services \u2013 Administrator and External services use cookies to support social services.<\/li>\n<\/ul>\n\n\n\n<h3 class=\"wp-block-heading\">\u00a7 5 EXTERNAL SERVICES<\/h3>\n\n\n\n<p>The Administrator cooperates with the following external websites, which may place cookie files on User\u2019s Devices:<\/p>\n\n\n\n<ul class=\"wp-block-list\">\n<li><strong>Google Analytics<\/strong><\/li>\n\n\n\n<li><strong>Google AdSense<\/strong><\/li>\n\n\n\n<li><strong>Google AdWords<\/strong><\/li>\n\n\n\n<li><strong>Facebook<\/strong><\/li>\n\n\n\n<li><strong>AddThis<\/strong><\/li>\n\n\n\n<li><strong>Youtube<\/strong><\/li>\n\n\n\n<li><strong>Vimeo<\/strong><\/li>\n<\/ul>\n\n\n\n<h3 class=\"wp-block-heading\">\u00a7 6 POSSIBILITIES TO DETERMINE CONDITIONS OF STORAGE AND ACCESS TO USER DEVICES BY SERVICE AND EXTERNAL SERVICES<\/h3>\n\n\n\n<ul class=\"wp-block-list\">\n<li>The User may at any time, independently change the settings for saving, deleting and accessing stored Cookie files<\/li>\n\n\n\n<li>Information on how to disable cookies in the most popular computer browsers and mobile devices is available on the page: how to disable cookies.<\/li>\n\n\n\n<li>The User may at any time delete any Cookie files saved to date using the User Device tools through which the User uses the Website\u2019s services.<\/li>\n<\/ul>\n\n\n\n<h3 class=\"wp-block-heading\">\u00a7 7 SERVICE REQUIREMENTS<\/h3>\n\n\n\n<ul class=\"wp-block-list\">\n<li>Limiting the recording and access to cookie files on the User\u2019s Device may cause some of the Website\u2019s functions to fail.<\/li>\n\n\n\n<li>The Administrator does not bear any responsibility for improperly functioning functions of the Website if the User limits in any way the option of saving and reading cookies.<\/li>\n<\/ul>\n\n\n\n<h3 class=\"wp-block-heading\">\u00a7 8 CHANGES IN COOKIE POLICY<\/h3>\n\n\n\n<ul class=\"wp-block-list\">\n<li>The Administrator reserves the right to change this Cookie Policy at any time without informing users.<\/li>\n\n\n\n<li>Any changes made to the Cookie Policy will always be published on this page.<\/li>\n\n\n\n<li>The changes introduced take effect on the date of publication of the Cookie Policy<\/li>\n<\/ul>\n","protected":false},"excerpt":{"rendered":"<p>The following Cookies Policy sets out the rules for saving and accessing data on Users\u2019 Devices using the Website for the purpose of providing services electronically by the Website Administrator. \u00a7 1 DEFINITIONS \u00a7 2 CATEGORIES OF COOKIES \u00a7 3 SECURITY \u00a7 4 REASONS WHY WE USE COOKIES \u00a7 5 EXTERNAL SERVICES The Administrator cooperates [&hellip;]<\/p>\n","protected":false},"author":1,"featured_media":0,"parent":0,"menu_order":0,"comment_status":"closed","ping_status":"closed","template":"","meta":{"_acf_changed":false,"footnotes":""},"class_list":["post-1255","page","type-page","status-publish","hentry"],"acf":[],"yoast_head":"<!-- This site is optimized with the Yoast SEO plugin v27.5 - https:\/\/yoast.com\/product\/yoast-seo-wordpress\/ -->\n<title>Privacy Policy - ATM<\/title>\n<meta name=\"robots\" content=\"index, follow, max-snippet:-1, max-image-preview:large, max-video-preview:-1\" \/>\n<link rel=\"canonical\" href=\"https:\/\/atmsystem.pl\/en\/privacy-policy\/\" \/>\n<meta property=\"og:locale\" content=\"en_US\" \/>\n<meta property=\"og:type\" content=\"article\" \/>\n<meta property=\"og:title\" content=\"Privacy Policy - ATM\" \/>\n<meta property=\"og:description\" content=\"The following Cookies Policy sets out the rules for saving and accessing data on Users\u2019 Devices using the Website for the purpose of providing services electronically by the Website Administrator. \u00a7 1 DEFINITIONS \u00a7 2 CATEGORIES OF COOKIES \u00a7 3 SECURITY \u00a7 4 REASONS WHY WE USE COOKIES \u00a7 5 EXTERNAL SERVICES The Administrator cooperates [&hellip;]\" \/>\n<meta property=\"og:url\" content=\"https:\/\/atmsystem.pl\/en\/privacy-policy\/\" \/>\n<meta property=\"og:site_name\" content=\"ATM\" \/>\n<meta property=\"article:publisher\" content=\"https:\/\/www.facebook.com\/atmsystemrental\" \/>\n<meta property=\"article:modified_time\" content=\"2025-06-10T17:47:38+00:00\" \/>\n<meta name=\"twitter:card\" content=\"summary_large_image\" \/>\n<meta name=\"twitter:label1\" content=\"Est. reading time\" \/>\n\t<meta name=\"twitter:data1\" content=\"4 minutes\" \/>\n<script type=\"application\/ld+json\" class=\"yoast-schema-graph\">{\"@context\":\"https:\\\/\\\/schema.org\",\"@graph\":[{\"@type\":\"WebPage\",\"@id\":\"https:\\\/\\\/atmsystem.pl\\\/en\\\/privacy-policy\\\/\",\"url\":\"https:\\\/\\\/atmsystem.pl\\\/en\\\/privacy-policy\\\/\",\"name\":\"Privacy Policy - ATM\",\"isPartOf\":{\"@id\":\"https:\\\/\\\/atmsystem.pl\\\/en\\\/#website\"},\"datePublished\":\"2025-04-25T10:26:22+00:00\",\"dateModified\":\"2025-06-10T17:47:38+00:00\",\"breadcrumb\":{\"@id\":\"https:\\\/\\\/atmsystem.pl\\\/en\\\/privacy-policy\\\/#breadcrumb\"},\"inLanguage\":\"en-US\",\"potentialAction\":[{\"@type\":\"ReadAction\",\"target\":[\"https:\\\/\\\/atmsystem.pl\\\/en\\\/privacy-policy\\\/\"]}]},{\"@type\":\"BreadcrumbList\",\"@id\":\"https:\\\/\\\/atmsystem.pl\\\/en\\\/privacy-policy\\\/#breadcrumb\",\"itemListElement\":[{\"@type\":\"ListItem\",\"position\":1,\"name\":\"Home\",\"item\":\"https:\\\/\\\/atmsystem.pl\\\/en\\\/\"},{\"@type\":\"ListItem\",\"position\":2,\"name\":\"Privacy Policy\"}]},{\"@type\":\"WebSite\",\"@id\":\"https:\\\/\\\/atmsystem.pl\\\/en\\\/#website\",\"url\":\"https:\\\/\\\/atmsystem.pl\\\/en\\\/\",\"name\":\"ATMSystem\",\"description\":\"\",\"publisher\":{\"@id\":\"https:\\\/\\\/atmsystem.pl\\\/en\\\/#organization\"},\"potentialAction\":[{\"@type\":\"SearchAction\",\"target\":{\"@type\":\"EntryPoint\",\"urlTemplate\":\"https:\\\/\\\/atmsystem.pl\\\/en\\\/?s={search_term_string}\"},\"query-input\":{\"@type\":\"PropertyValueSpecification\",\"valueRequired\":true,\"valueName\":\"search_term_string\"}}],\"inLanguage\":\"en-US\"},{\"@type\":\"Organization\",\"@id\":\"https:\\\/\\\/atmsystem.pl\\\/en\\\/#organization\",\"name\":\"ATMSystem\",\"url\":\"https:\\\/\\\/atmsystem.pl\\\/en\\\/\",\"logo\":{\"@type\":\"ImageObject\",\"inLanguage\":\"en-US\",\"@id\":\"https:\\\/\\\/atmsystem.pl\\\/en\\\/#\\\/schema\\\/logo\\\/image\\\/\",\"url\":\"https:\\\/\\\/atmsystem.pl\\\/wp-content\\\/uploads\\\/2025\\\/04\\\/ATM-SYSTEM-Logo-header.svg\",\"contentUrl\":\"https:\\\/\\\/atmsystem.pl\\\/wp-content\\\/uploads\\\/2025\\\/04\\\/ATM-SYSTEM-Logo-header.svg\",\"caption\":\"ATMSystem\"},\"image\":{\"@id\":\"https:\\\/\\\/atmsystem.pl\\\/en\\\/#\\\/schema\\\/logo\\\/image\\\/\"},\"sameAs\":[\"https:\\\/\\\/www.facebook.com\\\/atmsystemrental\",\"https:\\\/\\\/www.instagram.com\\\/atmsystem\\\/\",\"https:\\\/\\\/www.linkedin.com\\\/company\\\/atm-system\\\/?originalSubdomain=pl\"]}]}<\/script>\n<!-- \/ Yoast SEO plugin. -->","yoast_head_json":{"title":"Privacy Policy - ATM","robots":{"index":"index","follow":"follow","max-snippet":"max-snippet:-1","max-image-preview":"max-image-preview:large","max-video-preview":"max-video-preview:-1"},"canonical":"https:\/\/atmsystem.pl\/en\/privacy-policy\/","og_locale":"en_US","og_type":"article","og_title":"Privacy Policy - ATM","og_description":"The following Cookies Policy sets out the rules for saving and accessing data on Users\u2019 Devices using the Website for the purpose of providing services electronically by the Website Administrator. \u00a7 1 DEFINITIONS \u00a7 2 CATEGORIES OF COOKIES \u00a7 3 SECURITY \u00a7 4 REASONS WHY WE USE COOKIES \u00a7 5 EXTERNAL SERVICES The Administrator cooperates [&hellip;]","og_url":"https:\/\/atmsystem.pl\/en\/privacy-policy\/","og_site_name":"ATM","article_publisher":"https:\/\/www.facebook.com\/atmsystemrental","article_modified_time":"2025-06-10T17:47:38+00:00","twitter_card":"summary_large_image","twitter_misc":{"Est. reading time":"4 minutes"},"schema":{"@context":"https:\/\/schema.org","@graph":[{"@type":"WebPage","@id":"https:\/\/atmsystem.pl\/en\/privacy-policy\/","url":"https:\/\/atmsystem.pl\/en\/privacy-policy\/","name":"Privacy Policy - ATM","isPartOf":{"@id":"https:\/\/atmsystem.pl\/en\/#website"},"datePublished":"2025-04-25T10:26:22+00:00","dateModified":"2025-06-10T17:47:38+00:00","breadcrumb":{"@id":"https:\/\/atmsystem.pl\/en\/privacy-policy\/#breadcrumb"},"inLanguage":"en-US","potentialAction":[{"@type":"ReadAction","target":["https:\/\/atmsystem.pl\/en\/privacy-policy\/"]}]},{"@type":"BreadcrumbList","@id":"https:\/\/atmsystem.pl\/en\/privacy-policy\/#breadcrumb","itemListElement":[{"@type":"ListItem","position":1,"name":"Home","item":"https:\/\/atmsystem.pl\/en\/"},{"@type":"ListItem","position":2,"name":"Privacy Policy"}]},{"@type":"WebSite","@id":"https:\/\/atmsystem.pl\/en\/#website","url":"https:\/\/atmsystem.pl\/en\/","name":"ATMSystem","description":"","publisher":{"@id":"https:\/\/atmsystem.pl\/en\/#organization"},"potentialAction":[{"@type":"SearchAction","target":{"@type":"EntryPoint","urlTemplate":"https:\/\/atmsystem.pl\/en\/?s={search_term_string}"},"query-input":{"@type":"PropertyValueSpecification","valueRequired":true,"valueName":"search_term_string"}}],"inLanguage":"en-US"},{"@type":"Organization","@id":"https:\/\/atmsystem.pl\/en\/#organization","name":"ATMSystem","url":"https:\/\/atmsystem.pl\/en\/","logo":{"@type":"ImageObject","inLanguage":"en-US","@id":"https:\/\/atmsystem.pl\/en\/#\/schema\/logo\/image\/","url":"https:\/\/atmsystem.pl\/wp-content\/uploads\/2025\/04\/ATM-SYSTEM-Logo-header.svg","contentUrl":"https:\/\/atmsystem.pl\/wp-content\/uploads\/2025\/04\/ATM-SYSTEM-Logo-header.svg","caption":"ATMSystem"},"image":{"@id":"https:\/\/atmsystem.pl\/en\/#\/schema\/logo\/image\/"},"sameAs":["https:\/\/www.facebook.com\/atmsystemrental","https:\/\/www.instagram.com\/atmsystem\/","https:\/\/www.linkedin.com\/company\/atm-system\/?originalSubdomain=pl"]}]}},"_links":{"self":[{"href":"https:\/\/atmsystem.pl\/en\/wp-json\/wp\/v2\/pages\/1255","targetHints":{"allow":["GET"]}}],"collection":[{"href":"https:\/\/atmsystem.pl\/en\/wp-json\/wp\/v2\/pages"}],"about":[{"href":"https:\/\/atmsystem.pl\/en\/wp-json\/wp\/v2\/types\/page"}],"author":[{"embeddable":true,"href":"https:\/\/atmsystem.pl\/en\/wp-json\/wp\/v2\/users\/1"}],"replies":[{"embeddable":true,"href":"https:\/\/atmsystem.pl\/en\/wp-json\/wp\/v2\/comments?post=1255"}],"version-history":[{"count":2,"href":"https:\/\/atmsystem.pl\/en\/wp-json\/wp\/v2\/pages\/1255\/revisions"}],"predecessor-version":[{"id":1710,"href":"https:\/\/atmsystem.pl\/en\/wp-json\/wp\/v2\/pages\/1255\/revisions\/1710"}],"wp:attachment":[{"href":"https:\/\/atmsystem.pl\/en\/wp-json\/wp\/v2\/media?parent=1255"}],"curies":[{"name":"wp","href":"https:\/\/api.w.org\/{rel}","templated":true}]}}